{"id":10,"date":"2019-08-13T17:20:43","date_gmt":"2019-08-13T17:20:43","guid":{"rendered":"https:\/\/www.solutiondair.com\/?page_id=10"},"modified":"2024-01-02T10:32:31","modified_gmt":"2024-01-02T15:32:31","slug":"actualites","status":"publish","type":"page","link":"https:\/\/www.solutiondair.com\/fr\/actualites\/","title":{"rendered":"Actualit\u00e9s"},"content":{"rendered":"<section class=\"top_container smaller_top_container\">\n<div class=\"container h-100\">\n<div class=\"row h-100\">\n<div class=\"col-xl-12 d-flex flex-column justify-content-end\">\n<div class=\"lc-block\">\n<div editable=\"rich\">\n<h1>D\u00e9couvrez les derni\u00e8res nouvelles dans le domaine<strong>d\u00e9contamination et du nettoyage de conduits<\/strong><\/h1>\n<\/p><\/div>\n<\/p><\/div>\n<p><!-- \/lc-block --><\/p>\n<div class=\"lc-block\">\n<div lc-helper=\"shortcode\" class=\"live-shortcode\"><a href='https:\/\/www.solutiondair.com\/fr\/contact\/' class='btn contact bleu-bg white-border'>Demandez un prix<\/a><\/div>\n<\/p><\/div>\n<p><!-- \/lc-block -->\n\t\t\t<\/div>\n<p><!-- \/col -->\n\t\t<\/div>\n<\/p><\/div>\n<\/section>\n<section class=\"blog_container\">\n<div class=\"container\">\n<div class=\"row\">\n<div class=\"col-md-12\">\n<div class=\"lc-block\">\n<div lc-helper=\"shortcode\" class=\"live-shortcode\"><div class='blog_list'><div class='row'><div class='col-12 col-sm-6 col-lg-4'><div class='unArticle'><a href='https:\/\/www.solutiondair.com\/fr\/nettoyage-de-conduits-devacuation-une-maintenance-souvent-negligee-mais-cruciale\/' class='unArticle-img'><img loading=\"lazy\" decoding=\"async\" width=\"2560\" height=\"2097\" src=\"https:\/\/www.solutiondair.com\/wp-content\/uploads\/2024\/10\/Depositphotos_326861304_XL-scaled.jpg\" class=\"attachment-full size-full wp-post-image\" alt=\"\" srcset=\"https:\/\/www.solutiondair.com\/wp-content\/uploads\/2024\/10\/Depositphotos_326861304_XL-scaled.jpg 2560w, https:\/\/www.solutiondair.com\/wp-content\/uploads\/2024\/10\/Depositphotos_326861304_XL-300x246.jpg 300w, https:\/\/www.solutiondair.com\/wp-content\/uploads\/2024\/10\/Depositphotos_326861304_XL-1024x839.jpg 1024w, https:\/\/www.solutiondair.com\/wp-content\/uploads\/2024\/10\/Depositphotos_326861304_XL-768x629.jpg 768w, https:\/\/www.solutiondair.com\/wp-content\/uploads\/2024\/10\/Depositphotos_326861304_XL-1536x1258.jpg 1536w, https:\/\/www.solutiondair.com\/wp-content\/uploads\/2024\/10\/Depositphotos_326861304_XL-2048x1677.jpg 2048w\" sizes=\"auto, (max-width: 2560px) 100vw, 2560px\" \/><\/a><div class='details'><p class='date'> 5 novembre 2024<\/p><a href='https:\/\/www.solutiondair.com\/fr\/nettoyage-de-conduits-devacuation-une-maintenance-souvent-negligee-mais-cruciale\/' class='titre'>Nettoyage de conduits d\u2019\u00e9vacuation : une maintenance souvent n\u00e9glig\u00e9e, mais cruciale<\/a><p class='desc'>Le nettoyage des conduits d\u2019\u00e9vacuation est une t\u00e2che souvent rel\u00e9gu\u00e9e au second plan dans l'entretien domestique, mais il s'agit d'une \u00e9tape essentielle pour assurer le bon fonctionnement de vos syst\u00e8mes de chauffage et de ventilation.... <a href='https:\/\/www.solutiondair.com\/fr\/nettoyage-de-conduits-devacuation-une-maintenance-souvent-negligee-mais-cruciale\/'>Plus >><\/a><\/p><\/div><\/div><\/div><div class='col-12 col-sm-6 col-lg-4'><div class='unArticle'><a href='https:\/\/www.solutiondair.com\/fr\/decontamination-apres-un-demenagement-pourquoi-cest-crucial-avant-lhiver\/' class='unArticle-img'><img loading=\"lazy\" decoding=\"async\" width=\"2560\" height=\"1707\" src=\"https:\/\/www.solutiondair.com\/wp-content\/uploads\/2024\/10\/Depositphotos_337136662_XL-scaled.jpg\" class=\"attachment-full size-full wp-post-image\" alt=\"\" srcset=\"https:\/\/www.solutiondair.com\/wp-content\/uploads\/2024\/10\/Depositphotos_337136662_XL-scaled.jpg 2560w, https:\/\/www.solutiondair.com\/wp-content\/uploads\/2024\/10\/Depositphotos_337136662_XL-300x200.jpg 300w, https:\/\/www.solutiondair.com\/wp-content\/uploads\/2024\/10\/Depositphotos_337136662_XL-1024x683.jpg 1024w, https:\/\/www.solutiondair.com\/wp-content\/uploads\/2024\/10\/Depositphotos_337136662_XL-768x512.jpg 768w, https:\/\/www.solutiondair.com\/wp-content\/uploads\/2024\/10\/Depositphotos_337136662_XL-1536x1024.jpg 1536w, https:\/\/www.solutiondair.com\/wp-content\/uploads\/2024\/10\/Depositphotos_337136662_XL-2048x1365.jpg 2048w\" sizes=\"auto, (max-width: 2560px) 100vw, 2560px\" \/><\/a><div class='details'><p class='date'> 3 octobre 2024<\/p><a href='https:\/\/www.solutiondair.com\/fr\/decontamination-apres-un-demenagement-pourquoi-cest-crucial-avant-lhiver\/' class='titre'>D\u00e9contamination apr\u00e8s un d\u00e9m\u00e9nagement : pourquoi c'est crucial avant l'hiver<\/a><p class='desc'>S'installer dans une nouvelle maison est un moment excitant, mais avant de profiter pleinement de votre cocon, il y a une \u00e9tape souvent n\u00e9glig\u00e9e : la d\u00e9contamination. En particulier avant l\u2019arriv\u00e9e de l\u2019hiver, un nettoyage... <a href='https:\/\/www.solutiondair.com\/fr\/decontamination-apres-un-demenagement-pourquoi-cest-crucial-avant-lhiver\/'>Plus >><\/a><\/p><\/div><\/div><\/div><div class='col-12 col-sm-6 col-lg-4'><div class='unArticle'><a href='https:\/\/www.solutiondair.com\/fr\/les-5-principaux-avantages-pour-la-sante-dun-nettoyage-regulier-des-conduits-dair\/' class='unArticle-img'><img loading=\"lazy\" decoding=\"async\" width=\"2560\" height=\"1707\" src=\"https:\/\/www.solutiondair.com\/wp-content\/uploads\/2024\/08\/Depositphotos_219587710_XL-scaled.jpg\" class=\"attachment-full size-full wp-post-image\" alt=\"\" srcset=\"https:\/\/www.solutiondair.com\/wp-content\/uploads\/2024\/08\/Depositphotos_219587710_XL-scaled.jpg 2560w, https:\/\/www.solutiondair.com\/wp-content\/uploads\/2024\/08\/Depositphotos_219587710_XL-300x200.jpg 300w, https:\/\/www.solutiondair.com\/wp-content\/uploads\/2024\/08\/Depositphotos_219587710_XL-1024x683.jpg 1024w, https:\/\/www.solutiondair.com\/wp-content\/uploads\/2024\/08\/Depositphotos_219587710_XL-768x512.jpg 768w, https:\/\/www.solutiondair.com\/wp-content\/uploads\/2024\/08\/Depositphotos_219587710_XL-1536x1024.jpg 1536w, https:\/\/www.solutiondair.com\/wp-content\/uploads\/2024\/08\/Depositphotos_219587710_XL-2048x1365.jpg 2048w\" sizes=\"auto, (max-width: 2560px) 100vw, 2560px\" \/><\/a><div class='details'><p class='date'> 3 septembre 2024<\/p><a href='https:\/\/www.solutiondair.com\/fr\/les-5-principaux-avantages-pour-la-sante-dun-nettoyage-regulier-des-conduits-dair\/' class='titre'>Les 5 principaux avantages pour la sant\u00e9 d'un nettoyage r\u00e9gulier des conduits d'air<\/a><p class='desc'>Les conduits d'air sont un \u00e9l\u00e9ment crucial du syst\u00e8me de ventilation d'une maison et d\u2019une entreprise \u00e0 Gatineau et Ottawa. Cependant, avec le temps, ils peuvent accumuler des poussi\u00e8res, des allerg\u00e8nes, et d'autres contaminants qui... <a href='https:\/\/www.solutiondair.com\/fr\/les-5-principaux-avantages-pour-la-sante-dun-nettoyage-regulier-des-conduits-dair\/'>Plus >><\/a><\/p><\/div><\/div><\/div><\/div><\/div><div class='load_more_btn'><div class='row'><div class='col-12'><a href='#' class='misha_loadmore' data-postoffset='3' data-postnumber='3' data-maxpostnumber='62'>Charger plus de contenu<\/a><\/div><\/div><\/div><\/div>\n<\/p><\/div>\n<\/p><\/div>\n<\/p><\/div>\n<\/p><\/div>\n<\/section>\n","protected":false},"excerpt":{"rendered":"<p>D\u00e9couvrez les derni\u00e8res nouvelles dans le domained\u00e9contamination et du nettoyage de conduits<\/p>\n","protected":false},"author":1,"featured_media":0,"parent":0,"menu_order":0,"comment_status":"closed","ping_status":"closed","template":"","meta":{"footnotes":""},"class_list":["post-10","page","type-page","status-publish","hentry"],"yoast_head":"<!-- This site is optimized with the Yoast SEO plugin v26.1.1 - https:\/\/yoast.com\/wordpress\/plugins\/seo\/ -->\n<title>Solution D&#039;air - Blogue d\u00e9contamination et nettoyage<\/title>\n<meta name=\"description\" content=\"Solution D&#039;air - Tenez-vous au courant de nos nouvelles sur le nettoyage de conduit d\u2019air ou la d\u00e9contamination en lisant notre blogue\" \/>\n<meta name=\"robots\" content=\"index, follow, max-snippet:-1, max-image-preview:large, max-video-preview:-1\" \/>\n<link rel=\"canonical\" href=\"https:\/\/www.solutiondair.com\/fr\/actualites\/\" \/>\n<meta property=\"og:locale\" content=\"fr_FR\" \/>\n<meta property=\"og:type\" content=\"article\" \/>\n<meta property=\"og:title\" content=\"Solution D&#039;air - Blogue d\u00e9contamination et nettoyage\" \/>\n<meta property=\"og:description\" content=\"Solution D&#039;air - Tenez-vous au courant de nos nouvelles sur le nettoyage de conduit d\u2019air ou la d\u00e9contamination en lisant notre blogue\" \/>\n<meta property=\"og:url\" content=\"https:\/\/www.solutiondair.com\/fr\/actualites\/\" \/>\n<meta property=\"og:site_name\" content=\"Solution D&#039;air\" \/>\n<meta property=\"article:modified_time\" content=\"2024-01-02T15:32:31+00:00\" \/>\n<meta name=\"twitter:card\" content=\"summary_large_image\" \/>\n<script type=\"application\/ld+json\" class=\"yoast-schema-graph\">{\"@context\":\"https:\/\/schema.org\",\"@graph\":[{\"@type\":\"WebPage\",\"@id\":\"https:\/\/www.solutiondair.com\/fr\/actualites\/\",\"url\":\"https:\/\/www.solutiondair.com\/fr\/actualites\/\",\"name\":\"Solution D&#039;air - Blogue d\u00e9contamination et nettoyage\",\"isPartOf\":{\"@id\":\"https:\/\/www.solutiondair.com\/fr\/#website\"},\"datePublished\":\"2019-08-13T17:20:43+00:00\",\"dateModified\":\"2024-01-02T15:32:31+00:00\",\"description\":\"Solution D&#039;air - Tenez-vous au courant de nos nouvelles sur le nettoyage de conduit d\u2019air ou la d\u00e9contamination en lisant notre blogue\",\"breadcrumb\":{\"@id\":\"https:\/\/www.solutiondair.com\/fr\/actualites\/#breadcrumb\"},\"inLanguage\":\"fr-FR\",\"potentialAction\":[{\"@type\":\"ReadAction\",\"target\":[\"https:\/\/www.solutiondair.com\/fr\/actualites\/\"]}]},{\"@type\":\"BreadcrumbList\",\"@id\":\"https:\/\/www.solutiondair.com\/fr\/actualites\/#breadcrumb\",\"itemListElement\":[{\"@type\":\"ListItem\",\"position\":1,\"name\":\"Home\",\"item\":\"https:\/\/www.solutiondair.com\/fr\/\"},{\"@type\":\"ListItem\",\"position\":2,\"name\":\"Actualit\u00e9s\"}]},{\"@type\":\"WebSite\",\"@id\":\"https:\/\/www.solutiondair.com\/fr\/#website\",\"url\":\"https:\/\/www.solutiondair.com\/fr\/\",\"name\":\"Solution D&#039;air\",\"description\":\"\",\"publisher\":{\"@id\":\"https:\/\/www.solutiondair.com\/fr\/#organization\"},\"potentialAction\":[{\"@type\":\"SearchAction\",\"target\":{\"@type\":\"EntryPoint\",\"urlTemplate\":\"https:\/\/www.solutiondair.com\/fr\/?s={search_term_string}\"},\"query-input\":{\"@type\":\"PropertyValueSpecification\",\"valueRequired\":true,\"valueName\":\"search_term_string\"}}],\"inLanguage\":\"fr-FR\"},{\"@type\":\"Organization\",\"@id\":\"https:\/\/www.solutiondair.com\/fr\/#organization\",\"name\":\"Solution D&#039;air\",\"url\":\"https:\/\/www.solutiondair.com\/fr\/\",\"logo\":{\"@type\":\"ImageObject\",\"inLanguage\":\"fr-FR\",\"@id\":\"https:\/\/www.solutiondair.com\/fr\/#\/schema\/logo\/image\/\",\"url\":\"https:\/\/www.solutiondair.com\/wp-content\/uploads\/2019\/08\/logo.png\",\"contentUrl\":\"https:\/\/www.solutiondair.com\/wp-content\/uploads\/2019\/08\/logo.png\",\"width\":326,\"height\":130,\"caption\":\"Solution D&#039;air\"},\"image\":{\"@id\":\"https:\/\/www.solutiondair.com\/fr\/#\/schema\/logo\/image\/\"}}]}<\/script>\n<!-- \/ Yoast SEO plugin. -->","yoast_head_json":{"title":"Solution D&#039;air - Blogue d\u00e9contamination et nettoyage","description":"Solution D&#039;air - Tenez-vous au courant de nos nouvelles sur le nettoyage de conduit d\u2019air ou la d\u00e9contamination en lisant notre blogue","robots":{"index":"index","follow":"follow","max-snippet":"max-snippet:-1","max-image-preview":"max-image-preview:large","max-video-preview":"max-video-preview:-1"},"canonical":"https:\/\/www.solutiondair.com\/fr\/actualites\/","og_locale":"fr_FR","og_type":"article","og_title":"Solution D&#039;air - Blogue d\u00e9contamination et nettoyage","og_description":"Solution D&#039;air - Tenez-vous au courant de nos nouvelles sur le nettoyage de conduit d\u2019air ou la d\u00e9contamination en lisant notre blogue","og_url":"https:\/\/www.solutiondair.com\/fr\/actualites\/","og_site_name":"Solution D&#039;air","article_modified_time":"2024-01-02T15:32:31+00:00","twitter_card":"summary_large_image","schema":{"@context":"https:\/\/schema.org","@graph":[{"@type":"WebPage","@id":"https:\/\/www.solutiondair.com\/fr\/actualites\/","url":"https:\/\/www.solutiondair.com\/fr\/actualites\/","name":"Solution D&#039;air - Blogue d\u00e9contamination et nettoyage","isPartOf":{"@id":"https:\/\/www.solutiondair.com\/fr\/#website"},"datePublished":"2019-08-13T17:20:43+00:00","dateModified":"2024-01-02T15:32:31+00:00","description":"Solution D&#039;air - Tenez-vous au courant de nos nouvelles sur le nettoyage de conduit d\u2019air ou la d\u00e9contamination en lisant notre blogue","breadcrumb":{"@id":"https:\/\/www.solutiondair.com\/fr\/actualites\/#breadcrumb"},"inLanguage":"fr-FR","potentialAction":[{"@type":"ReadAction","target":["https:\/\/www.solutiondair.com\/fr\/actualites\/"]}]},{"@type":"BreadcrumbList","@id":"https:\/\/www.solutiondair.com\/fr\/actualites\/#breadcrumb","itemListElement":[{"@type":"ListItem","position":1,"name":"Home","item":"https:\/\/www.solutiondair.com\/fr\/"},{"@type":"ListItem","position":2,"name":"Actualit\u00e9s"}]},{"@type":"WebSite","@id":"https:\/\/www.solutiondair.com\/fr\/#website","url":"https:\/\/www.solutiondair.com\/fr\/","name":"Solution D&#039;air","description":"","publisher":{"@id":"https:\/\/www.solutiondair.com\/fr\/#organization"},"potentialAction":[{"@type":"SearchAction","target":{"@type":"EntryPoint","urlTemplate":"https:\/\/www.solutiondair.com\/fr\/?s={search_term_string}"},"query-input":{"@type":"PropertyValueSpecification","valueRequired":true,"valueName":"search_term_string"}}],"inLanguage":"fr-FR"},{"@type":"Organization","@id":"https:\/\/www.solutiondair.com\/fr\/#organization","name":"Solution D&#039;air","url":"https:\/\/www.solutiondair.com\/fr\/","logo":{"@type":"ImageObject","inLanguage":"fr-FR","@id":"https:\/\/www.solutiondair.com\/fr\/#\/schema\/logo\/image\/","url":"https:\/\/www.solutiondair.com\/wp-content\/uploads\/2019\/08\/logo.png","contentUrl":"https:\/\/www.solutiondair.com\/wp-content\/uploads\/2019\/08\/logo.png","width":326,"height":130,"caption":"Solution D&#039;air"},"image":{"@id":"https:\/\/www.solutiondair.com\/fr\/#\/schema\/logo\/image\/"}}]}},"_links":{"self":[{"href":"https:\/\/www.solutiondair.com\/fr\/wp-json\/wp\/v2\/pages\/10","targetHints":{"allow":["GET"]}}],"collection":[{"href":"https:\/\/www.solutiondair.com\/fr\/wp-json\/wp\/v2\/pages"}],"about":[{"href":"https:\/\/www.solutiondair.com\/fr\/wp-json\/wp\/v2\/types\/page"}],"author":[{"embeddable":true,"href":"https:\/\/www.solutiondair.com\/fr\/wp-json\/wp\/v2\/users\/1"}],"replies":[{"embeddable":true,"href":"https:\/\/www.solutiondair.com\/fr\/wp-json\/wp\/v2\/comments?post=10"}],"version-history":[{"count":8,"href":"https:\/\/www.solutiondair.com\/fr\/wp-json\/wp\/v2\/pages\/10\/revisions"}],"predecessor-version":[{"id":177,"href":"https:\/\/www.solutiondair.com\/fr\/wp-json\/wp\/v2\/pages\/10\/revisions\/177"}],"wp:attachment":[{"href":"https:\/\/www.solutiondair.com\/fr\/wp-json\/wp\/v2\/media?parent=10"}],"curies":[{"name":"wp","href":"https:\/\/api.w.org\/{rel}","templated":true}]}}