{"id":2,"date":"2019-08-13T15:28:32","date_gmt":"2019-08-13T15:28:32","guid":{"rendered":"https:\/\/www.solutiondair.com\/?page_id=2"},"modified":"2025-12-02T13:00:47","modified_gmt":"2025-12-02T18:00:47","slug":"conduits-dair","status":"publish","type":"page","link":"https:\/\/www.solutiondair.com\/fr\/conduits-dair\/","title":{"rendered":"Conduits d&rsquo;air"},"content":{"rendered":"<section class=\"top_container\">\n<div class=\"container h-100\">\n<div class=\"row h-100\">\n<div class=\"col-xl-12 d-flex flex-column justify-content-end\">\n<div class=\"lc-block\">\n<div editable=\"rich\">\n<h1>Nous nous sp\u00e9cialisons dans le <strong>nettoyage <br \/>de conduits d&rsquo;air<\/strong><em> \u00e0 Gatineau, pour une propri\u00e9t\u00e9 commerciale<\/em><\/h1>\n<\/p><\/div>\n<\/p><\/div>\n<p><!-- \/lc-block --><\/p>\n<div class=\"lc-block\">\n<div lc-helper=\"shortcode\" class=\"live-shortcode\"><a href='https:\/\/www.solutiondair.com\/fr\/contact\/' class='btn contact bleu-bg white-border'>Demandez un prix<\/a><\/div>\n<\/p><\/div>\n<p><!-- \/lc-block -->\n\t\t\t<\/div>\n<p><!-- \/col -->\n\t\t<\/div>\n<\/p><\/div>\n<\/section>\n<section class=\"icons_container\">\n<div class=\"container\">\n<div class=\"row\">\n<div class=\"col-xl-12\">\n<div class=\"theIcons d-flex justify-content-center justify-content-lg-start flex-wrap\">\n<div class=\"lc-block oneIcon\">\n\t\t\t\t\t\t<img decoding=\"async\" class=\"img-fluid\" src=\"https:\/\/www.solutiondair.com\/wp-content\/uploads\/2019\/08\/residential-icon.png\" alt=\"R\u00e9sidentiel\">\n\t\t\t\t\t<\/div>\n<p><!-- \/lc-block --><\/p>\n<div class=\"lc-block oneIcon\">\n\t\t\t\t\t\t<img decoding=\"async\" class=\"img-fluid\" src=\"https:\/\/www.solutiondair.com\/wp-content\/uploads\/2019\/08\/commercial-icon.png\" alt=\"Commercial\">\n\t\t\t\t\t<\/div>\n<p><!-- \/lc-block --><\/p>\n<div class=\"lc-block oneIcon\">\n\t\t\t\t\t\t<img decoding=\"async\" class=\"img-fluid\" src=\"https:\/\/www.solutiondair.com\/wp-content\/uploads\/2019\/08\/institutional-icon.png\" alt=\"Institutionnel\">\n\t\t\t\t\t<\/div>\n<p><!-- \/lc-block --><\/p>\n<div class=\"lc-block oneIcon\">\n\t\t\t\t\t\t<img decoding=\"async\" class=\"img-fluid\" src=\"https:\/\/www.solutiondair.com\/wp-content\/uploads\/2019\/08\/ventilation-icon.png\" alt=\"Ventilation\">\n\t\t\t\t\t<\/div>\n<p><!-- \/lc-block --><\/p>\n<div class=\"lc-block oneIcon\">\n\t\t\t\t\t\t<img decoding=\"async\" class=\"img-fluid\" src=\"https:\/\/www.solutiondair.com\/wp-content\/uploads\/2019\/08\/mould-icon.png\" alt=\"Moisissure\">\n\t\t\t\t\t<\/div>\n<p><!-- \/lc-block --><\/p>\n<div class=\"lc-block oneIcon\">\n\t\t\t\t\t\t<img decoding=\"async\" class=\"img-fluid\" src=\"https:\/\/www.solutiondair.com\/wp-content\/uploads\/2019\/08\/decontamination-icon.png\" alt=\"D\u00e9contamination\">\n\t\t\t\t\t<\/div>\n<p><!-- \/lc-block -->\n\t\t\t\t<\/div>\n<\/p><\/div>\n<p><!-- \/col -->\n\t\t<\/div>\n<\/p><\/div>\n<\/section>\n<section class=\"main_container\">\n<div class=\"container\">\n<div class=\"row\">\n<div class=\"col-lg-8\">\n\t\t\t\t<!-- \/lc-block --><\/p>\n<div class=\"lc-block\">\n<div editable=\"rich\">\n<h2>Faites-nous confiance pour le nettoyage commercial ou industriel de vos conduits d\u2019air \u00e0 Gatineau et \u00e0 Ottawa<\/h2>\n<p>Si vous \u00eates \u00e0 Gatineau ou \u00e0 Ottawa, nous vous invitons \u00e0 nous faire confiance pour le nettoyage de vos conduits d\u2019air, que ce soit \u00e0 un niveau commercial ou industriel.<\/p>\n<p>Avoir un conduit propre est un des \u00e9l\u00e9ments central et important pour un environnement sain. Les conduits d\u2019air sont des \u00e9l\u00e9ments centraux de la propri\u00e9t\u00e9 et nous devons \u00eatre en mesure de les garder propres. Au fur et \u00e0 mesure que le temps passe, les conduits se salissent \u00e0 cause de l&rsquo;accumulation de la poussi\u00e8re, la salet\u00e9 etc.. et sachant que c\u2019est l\u2019endroit central par o\u00f9 l\u2019air passe, il peut contaminer votre air et affecter la sant\u00e9 de vous et vos proches.&nbsp;<\/p>\n<img src='https:\/\/www.solutiondair.com\/wp-content\/themes\/yannickweb\/assets\/images\/maintext_img.jpg' class='maintext-text-img' alt='Famille qui respire de l&amp;apos;air propre gr\u00e2ce \u00e0 des conduits d&amp;apos;air' \/>\n<p>En plus de la sant\u00e9 de vos proches, les contaminants peuvent tout simplement affecter le bon fonctionnement de votre syst\u00e8me de ventilation et \u00e9ventuellement raccourcir sa dur\u00e9e de vie. Pour cela, il vaut mieux s\u2019assurer de l\u2019entretenir r\u00e9guli\u00e8rement et \u00e9conomiser de l\u2019argent au fil du temps. En plus, lorsque votre syst\u00e8me de ventilation est propre, il est plus facile d\u2019avoir la temp\u00e9rature d\u00e9sir\u00e9e en utilisant moins d\u2019\u00e9nergie, ce qui est plus rentable et \u00e9coresponsable.&nbsp;&nbsp;<\/p>\n<p>Nous avons d\u00e9velopp\u00e9s des \u00e9tapes et une rigueur de travail qui nous a distingu\u00e9 au fil du temps, et nous avons un syst\u00e8me en place pour assurer le bon d\u00e9roulement de vos travaux. Par exemple, nous avons des outils performants que nous utilisons pour appliquer une pression n\u00e9gative continue afin d\u2019\u00e9viter la propagation des contaminants. C\u2019est cette pression n\u00e9gative qui fera en sorte que les particules ne soient pas propag\u00e9es et que les contaminants soient retir\u00e9s de la zone concern\u00e9e.<\/p>\n<p>Pour plus d\u2019informations, contactez-nous au 819-815-1700<\/p>\n<\/p><\/div>\n<\/p><\/div>\n<p><!-- \/lc-block --><\/p>\n<div class=\"lc-block\">\n<div lc-helper=\"shortcode\" class=\"live-shortcode\"><a href='https:\/\/www.solutiondair.com\/fr\/contact\/' class='btn contact bleu-bg bleu-border'>Cliquez ici pour nous contacter<\/a><\/div>\n<\/p><\/div>\n<p><!-- \/lc-block -->\n\t\t\t<\/div>\n<p><!-- \/col --><\/p>\n<div class=\"col-lg-4\">\n<div class=\"lc-block\">\n\t\t\t\t\t<img decoding=\"async\" class=\"img-fluid maintext-img\" src=\"https:\/\/www.solutiondair.com\/wp-content\/uploads\/2019\/08\/duct-avant-apres-img.jpg\" alt=\"Conduits d'air - Avant\/Apr\u00e8s\">\n\t\t\t\t<\/div>\n<p><!-- \/lc-block --><\/p>\n<div class=\"lc-block liste_services\">\n<div editable=\"rich\">\n<h3>Services offerts :<\/h3>\n<ul>\n<li>Nettoyage de syst\u00e8me de ventilation (fournaise, \u00e9changeur d&rsquo;air, thermopompe, unit\u00e9 de toit et apport d&rsquo;air frais)<\/li>\n<li>Remplacement d\u2019\u00e9vent murale pour s\u00e9cheuse, \u00e9changeur d\u2019air et hotte de cuisine<\/li>\n<li>Nettoyage de conduits d&rsquo;air<\/li>\n<li>Nettoyage de conduits de s\u00e9cheuse<\/li>\n<li>Nettoyage de conduits d&rsquo;\u00e9vacuation de tout genre<\/li>\n<li>Nettoyage de serpentin de climatiseur<\/li>\n<li>Nettoyage de climatiseur murale<\/li>\n<li>Inspection par Cam\u00e9ra<\/li>\n<li>Remplacement de filtre<\/li>\n<\/ul><\/div>\n<\/p><\/div>\n<p><!-- \/lc-block -->\n\t\t\t<\/div>\n<p><!-- \/col -->\n\t\t<\/div>\n<\/p><\/div>\n<\/section>\n<section class=\"secondary_container\">\n<div class=\"container\">\n<div class=\"row\">\n<div class=\"col-lg-5\">\n<div class=\"lc-block\">\n\t\t\t\t\t<img decoding=\"async\" class=\"img-fluid\" src=\"https:\/\/www.solutiondair.com\/wp-content\/uploads\/2019\/08\/maintext2_img.jpg\" alt=\"Des conduits d'air tout propre\">\n\t\t\t\t<\/div>\n<p><!-- \/lc-block -->\n\t\t\t<\/div>\n<p><!-- \/col --><\/p>\n<div class=\"col-lg-7\">\n<div class=\"lc-block\">\n<div editable=\"rich\">\n<h3>Pour le nettoyage de vos conduits d\u2019air \u00e0 Gatineau et Ottawa, contactez-nous d\u00e8s aujourd\u2019hui!<\/h3>\n<p>Nous nous sp\u00e9cialisons dans le nettoyage de conduit d\u2019air que ce soit au niveau commercial ou institutionnel \u00e0 Gatineau en \u00e0 Ottawa. Les conduits d\u2019air sont des composantes importantes dans un b\u00e2timent raison pour laquelle il faut en prendre soin. Que ce soit une propri\u00e9t\u00e9 priv\u00e9e ou publique, le bon entretien du conduit d\u2019air permet un environnement propre et sain, qui vous permettra d\u2019assurer la qualit\u00e9 de l\u2019air et prot\u00e9ger la sant\u00e9 des membres de votre famille ou \u00e9quipe.<\/p>\n<p>De plus, nous travaillons aussi dans les h\u00f4pitaux et les universit\u00e9s, car nous savons \u00e0 quel point un bon environnement est primordial dans ces institutions. Nous avons des experts qui ont d\u00e9velopp\u00e9 des techniques pr\u00e9cises et nous nous assurons aussi d\u2019\u00eatre \u00e0 la fine pointe de la technologie en ayant des outils performants pour un r\u00e9sultat optimal.<\/p>\n<p>Si vous avez des questions, n\u2019h\u00e9sitez pas \u00e0 nous contacter au 819-815-1700<\/p>\n<\/p><\/div>\n<\/p><\/div>\n<p><!-- \/lc-block --><\/p>\n<div class=\"lc-block\">\n<div lc-helper=\"shortcode\" class=\"live-shortcode\"><a href='https:\/\/www.solutiondair.com\/fr\/contact\/' class='btn contact bleu-bg white-border'>Cliquez ici pour obtenir un prix<\/a><\/div>\n<\/p><\/div>\n<p><!-- \/lc-block -->\n\t\t\t<\/div>\n<p><!-- \/col -->\n\t\t<\/div>\n<\/p><\/div>\n<\/section>\n<section class=\"question_container\">\n<div class=\"container\">\n<div class=\"row\">\n<div class=\"col-lg-8\">\n<div class=\"lc-block\">\n<div editable=\"rich\">\n<h4>\u00c0 quelle fr\u00e9quence faut-il faire le nettoyage de ses conduits d\u2019air?<\/h4>\n<p>Puisque les conduits d\u2019air sont des \u00e9l\u00e9ments importants pour les b\u00e2tisses, leur entretien m\u00e9rite une attention particuli\u00e8re. En effet, un conduit mal entretenu qui accumule la poussi\u00e8re depuis plusieurs ann\u00e9es aura non seulement un effet sur les personnes qui fr\u00e9quent l\u2019environnement, mais aussi sur le bon fonctionnement du syst\u00e8me lui-m\u00eame. Toutefois, la fr\u00e9quence de nettoyage varie selon les cas particuliers, car il y a plusieurs facteurs diff\u00e9rents qui peuvent influencer la contamination.&nbsp;<\/p>\n<p>Pour cela, nous vous invitons \u00e0 faire affaire avec des experts qui sauront mieux vous orienter en faisant une \u00e9valuation ad\u00e9quate. Solution D&rsquo;air dessert les r\u00e9gions de Gatineau ainsi qu\u2019Ottawa pour des conduits propres. Nous nous assurons de r\u00e9aliser tous les travaux dans le plus grand professionnalisme avec des outils \u00e0 la fine pointe de la technologie pour un environnement propre et sain.&nbsp;<\/p>\n<p>Que ce soit pour le nettoyage d\u2019un conduit d\u2019air commercial ou institutionnel, contactez-nous!<\/p>\n<\/p><\/div>\n<\/p><\/div>\n<p><!-- \/lc-block --><\/p>\n<div class=\"lc-block\">\n<div lc-helper=\"shortcode\" class=\"live-shortcode\"><a href='https:\/\/www.solutiondair.com\/fr\/contact\/' class='btn contact bleu-bg bleu-border'>Cliquez ici pour nous contacter<\/a><\/div>\n<\/p><\/div>\n<p><!-- \/lc-block -->\n\t\t\t<\/div>\n<p><!-- \/col --><\/p>\n<div class=\"col-lg-4\">\n<div class=\"lc-block\">\n\t\t\t\t\t<img decoding=\"async\" class=\"img-fluid\" src=\"https:\/\/www.solutiondair.com\/wp-content\/uploads\/2019\/08\/question_img.jpg\" alt=\"Belle femme qui se pose une question\">\n\t\t\t\t<\/div>\n<p><!-- \/lc-block -->\n\t\t\t<\/div>\n<p><!-- \/col -->\n\t\t<\/div>\n<\/p><\/div>\n<\/section>\n","protected":false},"excerpt":{"rendered":"<p>Nous nous sp\u00e9cialisons dans le nettoyage de conduits d&rsquo;air \u00e0 Gatineau, pour une propri\u00e9t\u00e9 commerciale Faites-nous confiance pour le nettoyage commercial ou industriel de vos conduits d\u2019air \u00e0 Gatineau et \u00e0 Ottawa Si vous \u00eates \u00e0 Gatineau ou \u00e0 Ottawa, nous vous invitons \u00e0 nous faire confiance pour le nettoyage de vos conduits d\u2019air, que [&hellip;]<\/p>\n","protected":false},"author":1,"featured_media":0,"parent":0,"menu_order":0,"comment_status":"closed","ping_status":"open","template":"page-templates\/empty.php","meta":{"footnotes":""},"class_list":["post-2","page","type-page","status-publish","hentry"],"yoast_head":"<!-- This site is optimized with the Yoast SEO plugin v26.1.1 - https:\/\/yoast.com\/wordpress\/plugins\/seo\/ -->\n<title>Solution D&#039;air - Nettoyage de conduits d\u2019air r\u00e9sidentiel et commercial \u00e0 Gatineau<\/title>\n<meta name=\"description\" content=\"Solution D&#039;air - Pour tous vos nettoyages de conduit d\u2019air \u00e0 Gatineau, faites confiance aux professionnels pour un environnement sain et agr\u00e9able. Nous offrons des services r\u00e9sidentiels, commerciaux et industriels.\" \/>\n<meta name=\"robots\" content=\"index, follow, max-snippet:-1, max-image-preview:large, max-video-preview:-1\" \/>\n<link rel=\"canonical\" href=\"https:\/\/www.solutiondair.com\/fr\/conduits-dair\/\" \/>\n<meta property=\"og:locale\" content=\"fr_FR\" \/>\n<meta property=\"og:type\" content=\"article\" \/>\n<meta property=\"og:title\" content=\"Solution D&#039;air - Nettoyage de conduits d\u2019air r\u00e9sidentiel et commercial \u00e0 Gatineau\" \/>\n<meta property=\"og:description\" content=\"Solution D&#039;air - Pour tous vos nettoyages de conduit d\u2019air \u00e0 Gatineau, faites confiance aux professionnels pour un environnement sain et agr\u00e9able. Nous offrons des services r\u00e9sidentiels, commerciaux et industriels.\" \/>\n<meta property=\"og:url\" content=\"https:\/\/www.solutiondair.com\/fr\/conduits-dair\/\" \/>\n<meta property=\"og:site_name\" content=\"Solution D&#039;air\" \/>\n<meta property=\"article:modified_time\" content=\"2025-12-02T18:00:47+00:00\" \/>\n<meta property=\"og:image\" content=\"https:\/\/www.solutiondair.com\/wp-content\/uploads\/2019\/08\/residential-icon.png\" \/>\n<meta name=\"twitter:card\" content=\"summary_large_image\" \/>\n<meta name=\"twitter:label1\" content=\"Dur\u00e9e de lecture estim\u00e9e\" \/>\n\t<meta name=\"twitter:data1\" content=\"4 minutes\" \/>\n<script type=\"application\/ld+json\" class=\"yoast-schema-graph\">{\"@context\":\"https:\/\/schema.org\",\"@graph\":[{\"@type\":\"WebPage\",\"@id\":\"https:\/\/www.solutiondair.com\/fr\/conduits-dair\/\",\"url\":\"https:\/\/www.solutiondair.com\/fr\/conduits-dair\/\",\"name\":\"Solution D&#039;air - Nettoyage de conduits d\u2019air r\u00e9sidentiel et commercial \u00e0 Gatineau\",\"isPartOf\":{\"@id\":\"https:\/\/www.solutiondair.com\/fr\/#website\"},\"primaryImageOfPage\":{\"@id\":\"https:\/\/www.solutiondair.com\/fr\/conduits-dair\/#primaryimage\"},\"image\":{\"@id\":\"https:\/\/www.solutiondair.com\/fr\/conduits-dair\/#primaryimage\"},\"thumbnailUrl\":\"https:\/\/www.solutiondair.com\/wp-content\/uploads\/2019\/08\/residential-icon.png\",\"datePublished\":\"2019-08-13T15:28:32+00:00\",\"dateModified\":\"2025-12-02T18:00:47+00:00\",\"description\":\"Solution D&#039;air - Pour tous vos nettoyages de conduit d\u2019air \u00e0 Gatineau, faites confiance aux professionnels pour un environnement sain et agr\u00e9able. Nous offrons des services r\u00e9sidentiels, commerciaux et industriels.\",\"breadcrumb\":{\"@id\":\"https:\/\/www.solutiondair.com\/fr\/conduits-dair\/#breadcrumb\"},\"inLanguage\":\"fr-FR\",\"potentialAction\":[{\"@type\":\"ReadAction\",\"target\":[\"https:\/\/www.solutiondair.com\/fr\/conduits-dair\/\"]}]},{\"@type\":\"ImageObject\",\"inLanguage\":\"fr-FR\",\"@id\":\"https:\/\/www.solutiondair.com\/fr\/conduits-dair\/#primaryimage\",\"url\":\"https:\/\/www.solutiondair.com\/wp-content\/uploads\/2019\/08\/residential-icon.png\",\"contentUrl\":\"https:\/\/www.solutiondair.com\/wp-content\/uploads\/2019\/08\/residential-icon.png\"},{\"@type\":\"BreadcrumbList\",\"@id\":\"https:\/\/www.solutiondair.com\/fr\/conduits-dair\/#breadcrumb\",\"itemListElement\":[{\"@type\":\"ListItem\",\"position\":1,\"name\":\"Home\",\"item\":\"https:\/\/www.solutiondair.com\/fr\/\"},{\"@type\":\"ListItem\",\"position\":2,\"name\":\"Conduits d&rsquo;air\"}]},{\"@type\":\"WebSite\",\"@id\":\"https:\/\/www.solutiondair.com\/fr\/#website\",\"url\":\"https:\/\/www.solutiondair.com\/fr\/\",\"name\":\"Solution D&#039;air\",\"description\":\"\",\"publisher\":{\"@id\":\"https:\/\/www.solutiondair.com\/fr\/#organization\"},\"potentialAction\":[{\"@type\":\"SearchAction\",\"target\":{\"@type\":\"EntryPoint\",\"urlTemplate\":\"https:\/\/www.solutiondair.com\/fr\/?s={search_term_string}\"},\"query-input\":{\"@type\":\"PropertyValueSpecification\",\"valueRequired\":true,\"valueName\":\"search_term_string\"}}],\"inLanguage\":\"fr-FR\"},{\"@type\":\"Organization\",\"@id\":\"https:\/\/www.solutiondair.com\/fr\/#organization\",\"name\":\"Solution D&#039;air\",\"url\":\"https:\/\/www.solutiondair.com\/fr\/\",\"logo\":{\"@type\":\"ImageObject\",\"inLanguage\":\"fr-FR\",\"@id\":\"https:\/\/www.solutiondair.com\/fr\/#\/schema\/logo\/image\/\",\"url\":\"https:\/\/www.solutiondair.com\/wp-content\/uploads\/2019\/08\/logo.png\",\"contentUrl\":\"https:\/\/www.solutiondair.com\/wp-content\/uploads\/2019\/08\/logo.png\",\"width\":326,\"height\":130,\"caption\":\"Solution D&#039;air\"},\"image\":{\"@id\":\"https:\/\/www.solutiondair.com\/fr\/#\/schema\/logo\/image\/\"}}]}<\/script>\n<!-- \/ Yoast SEO plugin. -->","yoast_head_json":{"title":"Solution D&#039;air - Nettoyage de conduits d\u2019air r\u00e9sidentiel et commercial \u00e0 Gatineau","description":"Solution D&#039;air - Pour tous vos nettoyages de conduit d\u2019air \u00e0 Gatineau, faites confiance aux professionnels pour un environnement sain et agr\u00e9able. Nous offrons des services r\u00e9sidentiels, commerciaux et industriels.","robots":{"index":"index","follow":"follow","max-snippet":"max-snippet:-1","max-image-preview":"max-image-preview:large","max-video-preview":"max-video-preview:-1"},"canonical":"https:\/\/www.solutiondair.com\/fr\/conduits-dair\/","og_locale":"fr_FR","og_type":"article","og_title":"Solution D&#039;air - Nettoyage de conduits d\u2019air r\u00e9sidentiel et commercial \u00e0 Gatineau","og_description":"Solution D&#039;air - Pour tous vos nettoyages de conduit d\u2019air \u00e0 Gatineau, faites confiance aux professionnels pour un environnement sain et agr\u00e9able. Nous offrons des services r\u00e9sidentiels, commerciaux et industriels.","og_url":"https:\/\/www.solutiondair.com\/fr\/conduits-dair\/","og_site_name":"Solution D&#039;air","article_modified_time":"2025-12-02T18:00:47+00:00","og_image":[{"url":"https:\/\/www.solutiondair.com\/wp-content\/uploads\/2019\/08\/residential-icon.png","type":"","width":"","height":""}],"twitter_card":"summary_large_image","twitter_misc":{"Dur\u00e9e de lecture estim\u00e9e":"4 minutes"},"schema":{"@context":"https:\/\/schema.org","@graph":[{"@type":"WebPage","@id":"https:\/\/www.solutiondair.com\/fr\/conduits-dair\/","url":"https:\/\/www.solutiondair.com\/fr\/conduits-dair\/","name":"Solution D&#039;air - Nettoyage de conduits d\u2019air r\u00e9sidentiel et commercial \u00e0 Gatineau","isPartOf":{"@id":"https:\/\/www.solutiondair.com\/fr\/#website"},"primaryImageOfPage":{"@id":"https:\/\/www.solutiondair.com\/fr\/conduits-dair\/#primaryimage"},"image":{"@id":"https:\/\/www.solutiondair.com\/fr\/conduits-dair\/#primaryimage"},"thumbnailUrl":"https:\/\/www.solutiondair.com\/wp-content\/uploads\/2019\/08\/residential-icon.png","datePublished":"2019-08-13T15:28:32+00:00","dateModified":"2025-12-02T18:00:47+00:00","description":"Solution D&#039;air - Pour tous vos nettoyages de conduit d\u2019air \u00e0 Gatineau, faites confiance aux professionnels pour un environnement sain et agr\u00e9able. Nous offrons des services r\u00e9sidentiels, commerciaux et industriels.","breadcrumb":{"@id":"https:\/\/www.solutiondair.com\/fr\/conduits-dair\/#breadcrumb"},"inLanguage":"fr-FR","potentialAction":[{"@type":"ReadAction","target":["https:\/\/www.solutiondair.com\/fr\/conduits-dair\/"]}]},{"@type":"ImageObject","inLanguage":"fr-FR","@id":"https:\/\/www.solutiondair.com\/fr\/conduits-dair\/#primaryimage","url":"https:\/\/www.solutiondair.com\/wp-content\/uploads\/2019\/08\/residential-icon.png","contentUrl":"https:\/\/www.solutiondair.com\/wp-content\/uploads\/2019\/08\/residential-icon.png"},{"@type":"BreadcrumbList","@id":"https:\/\/www.solutiondair.com\/fr\/conduits-dair\/#breadcrumb","itemListElement":[{"@type":"ListItem","position":1,"name":"Home","item":"https:\/\/www.solutiondair.com\/fr\/"},{"@type":"ListItem","position":2,"name":"Conduits d&rsquo;air"}]},{"@type":"WebSite","@id":"https:\/\/www.solutiondair.com\/fr\/#website","url":"https:\/\/www.solutiondair.com\/fr\/","name":"Solution D&#039;air","description":"","publisher":{"@id":"https:\/\/www.solutiondair.com\/fr\/#organization"},"potentialAction":[{"@type":"SearchAction","target":{"@type":"EntryPoint","urlTemplate":"https:\/\/www.solutiondair.com\/fr\/?s={search_term_string}"},"query-input":{"@type":"PropertyValueSpecification","valueRequired":true,"valueName":"search_term_string"}}],"inLanguage":"fr-FR"},{"@type":"Organization","@id":"https:\/\/www.solutiondair.com\/fr\/#organization","name":"Solution D&#039;air","url":"https:\/\/www.solutiondair.com\/fr\/","logo":{"@type":"ImageObject","inLanguage":"fr-FR","@id":"https:\/\/www.solutiondair.com\/fr\/#\/schema\/logo\/image\/","url":"https:\/\/www.solutiondair.com\/wp-content\/uploads\/2019\/08\/logo.png","contentUrl":"https:\/\/www.solutiondair.com\/wp-content\/uploads\/2019\/08\/logo.png","width":326,"height":130,"caption":"Solution D&#039;air"},"image":{"@id":"https:\/\/www.solutiondair.com\/fr\/#\/schema\/logo\/image\/"}}]}},"_links":{"self":[{"href":"https:\/\/www.solutiondair.com\/fr\/wp-json\/wp\/v2\/pages\/2","targetHints":{"allow":["GET"]}}],"collection":[{"href":"https:\/\/www.solutiondair.com\/fr\/wp-json\/wp\/v2\/pages"}],"about":[{"href":"https:\/\/www.solutiondair.com\/fr\/wp-json\/wp\/v2\/types\/page"}],"author":[{"embeddable":true,"href":"https:\/\/www.solutiondair.com\/fr\/wp-json\/wp\/v2\/users\/1"}],"replies":[{"embeddable":true,"href":"https:\/\/www.solutiondair.com\/fr\/wp-json\/wp\/v2\/comments?post=2"}],"version-history":[{"count":31,"href":"https:\/\/www.solutiondair.com\/fr\/wp-json\/wp\/v2\/pages\/2\/revisions"}],"predecessor-version":[{"id":1010,"href":"https:\/\/www.solutiondair.com\/fr\/wp-json\/wp\/v2\/pages\/2\/revisions\/1010"}],"wp:attachment":[{"href":"https:\/\/www.solutiondair.com\/fr\/wp-json\/wp\/v2\/media?parent=2"}],"curies":[{"name":"wp","href":"https:\/\/api.w.org\/{rel}","templated":true}]}}