{"id":926,"date":"2025-05-30T09:41:10","date_gmt":"2025-05-30T13:41:10","guid":{"rendered":"https:\/\/www.solutiondair.com\/?page_id=926"},"modified":"2025-05-30T15:25:47","modified_gmt":"2025-05-30T19:25:47","slug":"accueil","status":"publish","type":"page","link":"https:\/\/www.solutiondair.com\/fr\/","title":{"rendered":"Accueil"},"content":{"rendered":"<section class=\"top_container home\" style=\"background: url('https:\/\/www.solutiondair.com\/wp-content\/uploads\/2025\/05\/image007.png') center center \/ cover no-repeat\">\n<div class=\"container h-100\">\n<div class=\"row h-100\">\n<div class=\"col-xl-12 d-flex flex-column justify-content-end\">\n<div class=\"lc-block\">\n<div editable=\"rich\">\n<h1><strong style=\"text-transform: none;\">Services de conduits d\u2019air, <br \/>de d\u00e9contamination et<br \/> d\u2019entrepreneur g\u00e9n\u00e9ral<br \/><\/strong><br \/><\/h1>\n<\/p><\/div>\n<\/p><\/div>\n<p><!-- \/lc-block --><\/p>\n<div class=\"lc-block\">\n<div lc-helper=\"shortcode\" class=\"live-shortcode\"><a href='https:\/\/www.solutiondair.com\/fr\/contact\/' class='btn contact bleu-bg white-border'>Demandez un prix<\/a><\/div>\n<\/p><\/div>\n<p><!-- \/lc-block -->\n\t\t\t<\/div>\n<p><!-- \/col -->\n\t\t<\/div>\n<\/p><\/div>\n<\/section>\n<section class=\"icons_container\">\n<div class=\"container\"><\/div>\n<\/section>\n<section class=\"main_container\">\n<div class=\"container\">\n<div class=\"row\">\n<div class=\"col-lg-8\">\n\t\t\t\t<!-- \/lc-block --><\/p>\n<div class=\"lc-block\">\n<div editable=\"rich\">\n<h2>Secteur commercial<\/h2>\n<p><strong>Les b\u00e2timents commerciaux doivent r\u00e9pondre \u00e0 des normes en termes de s\u00e9curit\u00e9 et d\u2019hygi\u00e8ne de leurs syst\u00e8mes de ventilation.<br \/><\/strong>Les conduits d\u2019air sont des composantes importantes dans un b\u00e2timent que se soit pour maintenir un environnement de bonne qualit\u00e9 de l\u2019air int\u00e9rieur ou pour assurer un lieux de travail sain pour vos employ\u00e9s et vos clients, ainsi qu&rsquo;augmenter le rendement de vos \u00e9quipements.<\/p>\n<\/p><\/div>\n<\/p><\/div>\n<div class=\"lc-block\">\n<div lc-helper=\"shortcode\" class=\"live-shortcode\"><a href='https:\/\/www.solutiondair.com\/fr\/contact\/' class='btn contact bleu-bg bleu-border btn-small'>Obtenez UNE SOUMISSION GRATUITE<\/a><\/div>\n<\/p><\/div>\n<div class=\"lc-block\">\n<div editable=\"rich\">\n<h2 id=\"industriel\">Secteur industriel<\/h2>\n<p><strong>De grandes quantit\u00e9s de poussi\u00e8res sont produites par les activit\u00e9s principale de l&rsquo;industrie. De plus des bact\u00e9ries et des contaminants affectent la qualit\u00e9 de l\u2019air int\u00e9rieur pouvant nuire \u00e0 la sant\u00e9 des travailleurs.<br \/><\/strong>Il est donc fortement recommand\u00e9 de mettre en place un programme d\u2019entretien et de nettoyage r\u00e9gulier&nbsp;des d\u00e9poussi\u00e9reurs industriels, des \u00e9purateurs d\u2019air et des r\u00e9seaux de ventilation afin d\u2019assurer un afflux d\u2019air satisfaisant et pr\u00e9venir les risques associ\u00e9s aux maladies respiratoires chez les travailleurs issus de ce secteur d\u2019activit\u00e9.&nbsp;<\/p>\n<\/p><\/div>\n<\/p><\/div>\n<div class=\"lc-block\">\n<div lc-helper=\"shortcode\" class=\"live-shortcode\"><a href='https:\/\/www.solutiondair.com\/fr\/contact\/' class='btn btn-small contact bleu-bg bleu-border'>Obtenez UNE SOUMISSION GRATUITE<\/a><\/div>\n<\/p><\/div>\n<div class=\"lc-block\">\n<div editable=\"rich\">\n<h2 id=\"agroalimentaire\">Secteur agroalimentaire<\/h2>\n<p><strong>La propret\u00e9 des lieux et la qualit\u00e9 de l\u2019air sont des \u00e9l\u00e9ments cl\u00e9s pour le bien-\u00eatre des consommateurs dans les secteurs de l\u2019agroalimentaire et de march\u00e9 de l\u2019alimentation.&nbsp;<br \/><\/strong>L&rsquo;image de marque \u00e9tant en grande partie influenc\u00e9e par la propret\u00e9 des lieux, le nettoyage de conduit de ventilation est un entretien \u00e0 ne pas n\u00e9gliger. Afin de pr\u00e9venir les maladies respiratoires chez les travailleurs, assurer la salubrit\u00e9 des lieux et prolonger la dur\u00e9e de vie de vos \u00e9quipements, nous vous offrons plusieurs entretiens&nbsp; r\u00e9pondant \u00e0 vos besoins sp\u00e9cifiques.&nbsp;<\/p>\n<\/p><\/div>\n<\/p><\/div>\n<div class=\"lc-block\">\n<div lc-helper=\"shortcode\" class=\"live-shortcode\"><a href='https:\/\/www.solutiondair.com\/fr\/contact\/' class='btn btn-small contact bleu-bg bleu-border'>Obtenez UNE SOUMISSION GRATUITE<\/a><\/div>\n<\/p><\/div>\n<div class=\"lc-block\">\n<div editable=\"rich\">\n<h2 id=\"institutionnels\">Secteur institutionnels &amp; C.P.E.<\/h2>\n<p><strong>Solution d&rsquo;air a su d\u00e9velopper au cours des ann\u00e9es, une grande expertise dans le secteur institutionnel et les \u00e9coles en nettoyage, en d\u00e9contamination et en restauration des syst\u00e8mes de ventilation.&nbsp;<br \/><\/strong>Depuis plusieurs ann\u00e9es, Solution d&rsquo;air a su gagner la confiance de plusieurs CISSS, \u00e9difices publiques et \u00e9tablissement scolaires. Que ce soit pour des espaces de bureaux, des lieux r\u00e9cr\u00e9atifs, des Centres de soins de sant\u00e9 ou des \u00e9coles, Solution d&rsquo;air est en mesure de vous soutenir et vous guider dans vos projets d\u2019entretiens en ventilation.<\/p>\n<\/p><\/div>\n<\/p><\/div>\n<div class=\"lc-block\">\n<div lc-helper=\"shortcode\" class=\"live-shortcode\"><a href='https:\/\/www.solutiondair.com\/fr\/contact\/' class='btn btn-small contact bleu-bg bleu-border'>Obtenez UNE SOUMISSION GRATUITE<\/a><\/div>\n<\/p><\/div>\n<div class=\"lc-block\">\n<div editable=\"rich\">\n<h2 id=\"sante\">Secteur de la sant\u00e9<\/h2>\n<p><strong>Les \u00e9tablissements issus du secteur de la sant\u00e9, tels que les CSSS, les Centres d\u2019h\u00e9bergements, les r\u00e9sidences pour personnes \u00e2g\u00e9es, les cliniques et les centres hospitaliers sont tenus de respecter des normes strictes en mati\u00e8re de qualit\u00e9 de l\u2019air pour garantir la s\u00e9curit\u00e9 des patients et du personnel.<br \/><\/strong>Accueillant des patients souvent vuln\u00e9rables et immunod\u00e9prim\u00e9s, un syst\u00e8me de ventilation bien entretenu et efficace aide \u00e0 minimiser la propagation d\u2019agents pathog\u00e8nes dans l\u2019air, contribuant ainsi \u00e0 la pr\u00e9vention des infections nosocomiales.<\/p>\n<\/p><\/div>\n<\/p><\/div>\n<p><!-- \/lc-block --><\/p>\n<div class=\"lc-block\">\n<div lc-helper=\"shortcode\" class=\"live-shortcode\"><a href='https:\/\/www.solutiondair.com\/fr\/contact\/' class='btn btn-small contact bleu-bg bleu-border'>Obtenez UNE SOUMISSION GRATUITE<\/a><\/div>\n<\/p><\/div>\n<p><!-- \/lc-block --><\/p>\n<div class=\"lc-block\">\n<div editable=\"rich\">\n<h2>R\u00e9sidences pour a\u00een\u00e9s<\/h2>\n<p><strong>Les \u00e9tablissements issus du secteur de la sant\u00e9, tels que les RPA, les Centres d\u2019h\u00e9bergements, les r\u00e9sidences pour personnes \u00e2g\u00e9es, sont tenus de respecter des normes strictes en mati\u00e8re de qualit\u00e9 de l\u2019air pour garantir la s\u00e9curit\u00e9 des patients et du personnel.<\/strong><\/p>\n<p>Accueillant des personnes vuln\u00e9rables ayant parfois un syst\u00e8me immunitaire affaibli, un bon entretien du syst\u00e8me de ventilation minimise la propagation de bact\u00e9ries et virus dans l\u2019air, favorisant ainsi la pr\u00e9vention des infections.<\/p>\n<\/p><\/div>\n<\/p><\/div>\n<div class=\"lc-block\">\n<div lc-helper=\"shortcode\" class=\"live-shortcode\"><a href='https:\/\/www.solutiondair.com\/fr\/contact\/' class='btn btn-small contact bleu-bg bleu-border'>Obtenez UNE SOUMISSION GRATUITE<\/a><\/div>\n<\/p><\/div>\n<div class=\"lc-block\">\n<div editable=\"rich\">\n<h2>Gestionnaires de condos et multiplex<\/h2>\n<p><strong>Les biens immobiliers pr\u00e9sentent divers enjeux du point de vue de l\u2019entretien g\u00e9n\u00e9ral.<\/strong><\/p>\n<p>Un entretien pr\u00e9ventif et une inspection r\u00e9guli\u00e8re des conduits de ventilation sont n\u00e9cessaires \u00e0 la bonne circulation de l\u2019air dans tout le b\u00e2timent. Les aires privatives comme les espaces communs peuvent \u00e9galement \u00eatre pris en charge par nos services pour vous apporter un plan d\u2019intervention complet et rigoureux au fil des ans.&nbsp;<\/p>\n<\/p><\/div>\n<\/p><\/div>\n<p><!-- \/lc-block --><\/p>\n<div class=\"lc-block\">\n<div lc-helper=\"shortcode\" class=\"live-shortcode\"><a href='https:\/\/www.solutiondair.com\/fr\/contact\/' class='btn btn-small contact bleu-bg bleu-border'>Obtenez UNE SOUMISSION GRATUITE<\/a><\/div>\n<\/p><\/div>\n<p><!-- \/lc-block -->\n\t\t\t<\/div>\n<p><!-- \/col --><\/p>\n<div class=\"col-lg-4\">\n<div class=\"lc-block\"><img decoding=\"async\" class=\"img-fluid maintext-img\" src=\"https:\/\/www.solutiondair.com\/wp-content\/uploads\/2025\/05\/image001.png\" alt=\"Camion Solution d'air\"><\/p>\n<div class=\"lc-block\">\n<div class=\"lc-block liste_services\" style=\"padding-left: 15px!important\">\n<div editable=\"rich\">\n<h3>Services offerts :<\/h3>\n<ul>\n<li>Entrepeneur g\u00e9n\u00e9ral<\/li>\n<li>D\u00e9contamination Amiante<\/li>\n<li>D\u00e9contamination Moisissure<\/li>\n<li>Inspection de conduit d&rsquo;air<\/li>\n<li>Nettoyage de conduits de s\u00e9cheuse<\/li>\n<li>Nettoyage de conduits de ventilation<\/li>\n<\/ul><\/div>\n<\/p><\/div>\n<\/p><\/div>\n<\/p><\/div>\n<p><!-- \/lc-block --><br \/>\n\t\t\t\t<!-- \/lc-block --><br \/>\n\t\t\t\t<!-- \/lc-block -->\n\t\t\t<\/div>\n<p><!-- \/col -->\n\t\t<\/div>\n<\/p><\/div>\n<\/section>\n","protected":false},"excerpt":{"rendered":"<p>Services de conduits d\u2019air, de d\u00e9contamination et d\u2019entrepreneur g\u00e9n\u00e9ral Secteur commercial Les b\u00e2timents commerciaux doivent r\u00e9pondre \u00e0 des normes en termes de s\u00e9curit\u00e9 et d\u2019hygi\u00e8ne de leurs syst\u00e8mes de ventilation.Les conduits d\u2019air sont des composantes importantes dans un b\u00e2timent que se soit pour maintenir un environnement de bonne qualit\u00e9 de l\u2019air int\u00e9rieur ou pour assurer [&hellip;]<\/p>\n","protected":false},"author":1,"featured_media":0,"parent":0,"menu_order":0,"comment_status":"closed","ping_status":"closed","template":"page-templates\/empty.php","meta":{"footnotes":""},"class_list":["post-926","page","type-page","status-publish","hentry"],"yoast_head":"<!-- This site is optimized with the Yoast SEO plugin v26.1.1 - https:\/\/yoast.com\/wordpress\/plugins\/seo\/ -->\n<title>Accueil - Solution D&#039;air<\/title>\n<meta name=\"robots\" content=\"index, follow, max-snippet:-1, max-image-preview:large, max-video-preview:-1\" \/>\n<link rel=\"canonical\" href=\"https:\/\/www.solutiondair.com\/fr\/\" \/>\n<meta property=\"og:locale\" content=\"fr_FR\" \/>\n<meta property=\"og:type\" content=\"article\" \/>\n<meta property=\"og:title\" content=\"Accueil - Solution D&#039;air\" \/>\n<meta property=\"og:description\" content=\"Services de conduits d\u2019air, de d\u00e9contamination et d\u2019entrepreneur g\u00e9n\u00e9ral Secteur commercial Les b\u00e2timents commerciaux doivent r\u00e9pondre \u00e0 des normes en termes de s\u00e9curit\u00e9 et d\u2019hygi\u00e8ne de leurs syst\u00e8mes de ventilation.Les conduits d\u2019air sont des composantes importantes dans un b\u00e2timent que se soit pour maintenir un environnement de bonne qualit\u00e9 de l\u2019air int\u00e9rieur ou pour assurer [&hellip;]\" \/>\n<meta property=\"og:url\" content=\"https:\/\/www.solutiondair.com\/fr\/\" \/>\n<meta property=\"og:site_name\" content=\"Solution D&#039;air\" \/>\n<meta property=\"article:modified_time\" content=\"2025-05-30T19:25:47+00:00\" \/>\n<meta property=\"og:image\" content=\"https:\/\/www.solutiondair.com\/wp-content\/uploads\/2025\/05\/image001.png\" \/>\n<meta name=\"twitter:card\" content=\"summary_large_image\" \/>\n<meta name=\"twitter:label1\" content=\"Dur\u00e9e de lecture estim\u00e9e\" \/>\n\t<meta name=\"twitter:data1\" content=\"4 minutes\" \/>\n<script type=\"application\/ld+json\" class=\"yoast-schema-graph\">{\"@context\":\"https:\/\/schema.org\",\"@graph\":[{\"@type\":\"WebPage\",\"@id\":\"https:\/\/www.solutiondair.com\/fr\/\",\"url\":\"https:\/\/www.solutiondair.com\/fr\/\",\"name\":\"Accueil - Solution D&#039;air\",\"isPartOf\":{\"@id\":\"https:\/\/www.solutiondair.com\/fr\/#website\"},\"primaryImageOfPage\":{\"@id\":\"https:\/\/www.solutiondair.com\/fr\/#primaryimage\"},\"image\":{\"@id\":\"https:\/\/www.solutiondair.com\/fr\/#primaryimage\"},\"thumbnailUrl\":\"https:\/\/www.solutiondair.com\/wp-content\/uploads\/2025\/05\/image001.png\",\"datePublished\":\"2025-05-30T13:41:10+00:00\",\"dateModified\":\"2025-05-30T19:25:47+00:00\",\"breadcrumb\":{\"@id\":\"https:\/\/www.solutiondair.com\/fr\/#breadcrumb\"},\"inLanguage\":\"fr-FR\",\"potentialAction\":[{\"@type\":\"ReadAction\",\"target\":[\"https:\/\/www.solutiondair.com\/fr\/\"]}]},{\"@type\":\"ImageObject\",\"inLanguage\":\"fr-FR\",\"@id\":\"https:\/\/www.solutiondair.com\/fr\/#primaryimage\",\"url\":\"https:\/\/www.solutiondair.com\/wp-content\/uploads\/2025\/05\/image001.png\",\"contentUrl\":\"https:\/\/www.solutiondair.com\/wp-content\/uploads\/2025\/05\/image001.png\"},{\"@type\":\"BreadcrumbList\",\"@id\":\"https:\/\/www.solutiondair.com\/fr\/#breadcrumb\",\"itemListElement\":[{\"@type\":\"ListItem\",\"position\":1,\"name\":\"Home\",\"item\":\"https:\/\/www.solutiondair.com\/fr\/\"},{\"@type\":\"ListItem\",\"position\":2,\"name\":\"Accueil\"}]},{\"@type\":\"WebSite\",\"@id\":\"https:\/\/www.solutiondair.com\/fr\/#website\",\"url\":\"https:\/\/www.solutiondair.com\/fr\/\",\"name\":\"Solution D&#039;air\",\"description\":\"\",\"publisher\":{\"@id\":\"https:\/\/www.solutiondair.com\/fr\/#organization\"},\"potentialAction\":[{\"@type\":\"SearchAction\",\"target\":{\"@type\":\"EntryPoint\",\"urlTemplate\":\"https:\/\/www.solutiondair.com\/fr\/?s={search_term_string}\"},\"query-input\":{\"@type\":\"PropertyValueSpecification\",\"valueRequired\":true,\"valueName\":\"search_term_string\"}}],\"inLanguage\":\"fr-FR\"},{\"@type\":\"Organization\",\"@id\":\"https:\/\/www.solutiondair.com\/fr\/#organization\",\"name\":\"Solution D&#039;air\",\"url\":\"https:\/\/www.solutiondair.com\/fr\/\",\"logo\":{\"@type\":\"ImageObject\",\"inLanguage\":\"fr-FR\",\"@id\":\"https:\/\/www.solutiondair.com\/fr\/#\/schema\/logo\/image\/\",\"url\":\"https:\/\/www.solutiondair.com\/wp-content\/uploads\/2019\/08\/logo.png\",\"contentUrl\":\"https:\/\/www.solutiondair.com\/wp-content\/uploads\/2019\/08\/logo.png\",\"width\":326,\"height\":130,\"caption\":\"Solution D&#039;air\"},\"image\":{\"@id\":\"https:\/\/www.solutiondair.com\/fr\/#\/schema\/logo\/image\/\"}}]}<\/script>\n<!-- \/ Yoast SEO plugin. -->","yoast_head_json":{"title":"Accueil - Solution D&#039;air","robots":{"index":"index","follow":"follow","max-snippet":"max-snippet:-1","max-image-preview":"max-image-preview:large","max-video-preview":"max-video-preview:-1"},"canonical":"https:\/\/www.solutiondair.com\/fr\/","og_locale":"fr_FR","og_type":"article","og_title":"Accueil - Solution D&#039;air","og_description":"Services de conduits d\u2019air, de d\u00e9contamination et d\u2019entrepreneur g\u00e9n\u00e9ral Secteur commercial Les b\u00e2timents commerciaux doivent r\u00e9pondre \u00e0 des normes en termes de s\u00e9curit\u00e9 et d\u2019hygi\u00e8ne de leurs syst\u00e8mes de ventilation.Les conduits d\u2019air sont des composantes importantes dans un b\u00e2timent que se soit pour maintenir un environnement de bonne qualit\u00e9 de l\u2019air int\u00e9rieur ou pour assurer [&hellip;]","og_url":"https:\/\/www.solutiondair.com\/fr\/","og_site_name":"Solution D&#039;air","article_modified_time":"2025-05-30T19:25:47+00:00","og_image":[{"url":"https:\/\/www.solutiondair.com\/wp-content\/uploads\/2025\/05\/image001.png","type":"","width":"","height":""}],"twitter_card":"summary_large_image","twitter_misc":{"Dur\u00e9e de lecture estim\u00e9e":"4 minutes"},"schema":{"@context":"https:\/\/schema.org","@graph":[{"@type":"WebPage","@id":"https:\/\/www.solutiondair.com\/fr\/","url":"https:\/\/www.solutiondair.com\/fr\/","name":"Accueil - Solution D&#039;air","isPartOf":{"@id":"https:\/\/www.solutiondair.com\/fr\/#website"},"primaryImageOfPage":{"@id":"https:\/\/www.solutiondair.com\/fr\/#primaryimage"},"image":{"@id":"https:\/\/www.solutiondair.com\/fr\/#primaryimage"},"thumbnailUrl":"https:\/\/www.solutiondair.com\/wp-content\/uploads\/2025\/05\/image001.png","datePublished":"2025-05-30T13:41:10+00:00","dateModified":"2025-05-30T19:25:47+00:00","breadcrumb":{"@id":"https:\/\/www.solutiondair.com\/fr\/#breadcrumb"},"inLanguage":"fr-FR","potentialAction":[{"@type":"ReadAction","target":["https:\/\/www.solutiondair.com\/fr\/"]}]},{"@type":"ImageObject","inLanguage":"fr-FR","@id":"https:\/\/www.solutiondair.com\/fr\/#primaryimage","url":"https:\/\/www.solutiondair.com\/wp-content\/uploads\/2025\/05\/image001.png","contentUrl":"https:\/\/www.solutiondair.com\/wp-content\/uploads\/2025\/05\/image001.png"},{"@type":"BreadcrumbList","@id":"https:\/\/www.solutiondair.com\/fr\/#breadcrumb","itemListElement":[{"@type":"ListItem","position":1,"name":"Home","item":"https:\/\/www.solutiondair.com\/fr\/"},{"@type":"ListItem","position":2,"name":"Accueil"}]},{"@type":"WebSite","@id":"https:\/\/www.solutiondair.com\/fr\/#website","url":"https:\/\/www.solutiondair.com\/fr\/","name":"Solution D&#039;air","description":"","publisher":{"@id":"https:\/\/www.solutiondair.com\/fr\/#organization"},"potentialAction":[{"@type":"SearchAction","target":{"@type":"EntryPoint","urlTemplate":"https:\/\/www.solutiondair.com\/fr\/?s={search_term_string}"},"query-input":{"@type":"PropertyValueSpecification","valueRequired":true,"valueName":"search_term_string"}}],"inLanguage":"fr-FR"},{"@type":"Organization","@id":"https:\/\/www.solutiondair.com\/fr\/#organization","name":"Solution D&#039;air","url":"https:\/\/www.solutiondair.com\/fr\/","logo":{"@type":"ImageObject","inLanguage":"fr-FR","@id":"https:\/\/www.solutiondair.com\/fr\/#\/schema\/logo\/image\/","url":"https:\/\/www.solutiondair.com\/wp-content\/uploads\/2019\/08\/logo.png","contentUrl":"https:\/\/www.solutiondair.com\/wp-content\/uploads\/2019\/08\/logo.png","width":326,"height":130,"caption":"Solution D&#039;air"},"image":{"@id":"https:\/\/www.solutiondair.com\/fr\/#\/schema\/logo\/image\/"}}]}},"_links":{"self":[{"href":"https:\/\/www.solutiondair.com\/fr\/wp-json\/wp\/v2\/pages\/926","targetHints":{"allow":["GET"]}}],"collection":[{"href":"https:\/\/www.solutiondair.com\/fr\/wp-json\/wp\/v2\/pages"}],"about":[{"href":"https:\/\/www.solutiondair.com\/fr\/wp-json\/wp\/v2\/types\/page"}],"author":[{"embeddable":true,"href":"https:\/\/www.solutiondair.com\/fr\/wp-json\/wp\/v2\/users\/1"}],"replies":[{"embeddable":true,"href":"https:\/\/www.solutiondair.com\/fr\/wp-json\/wp\/v2\/comments?post=926"}],"version-history":[{"count":22,"href":"https:\/\/www.solutiondair.com\/fr\/wp-json\/wp\/v2\/pages\/926\/revisions"}],"predecessor-version":[{"id":986,"href":"https:\/\/www.solutiondair.com\/fr\/wp-json\/wp\/v2\/pages\/926\/revisions\/986"}],"wp:attachment":[{"href":"https:\/\/www.solutiondair.com\/fr\/wp-json\/wp\/v2\/media?parent=926"}],"curies":[{"name":"wp","href":"https:\/\/api.w.org\/{rel}","templated":true}]}}