{"id":941,"date":"2025-05-30T10:41:26","date_gmt":"2025-05-30T14:41:26","guid":{"rendered":"https:\/\/www.solutiondair.com\/?page_id=941"},"modified":"2025-11-24T08:41:43","modified_gmt":"2025-11-24T13:41:43","slug":"entrepreneur-general","status":"publish","type":"page","link":"https:\/\/www.solutiondair.com\/fr\/entrepreneur-general\/","title":{"rendered":"Entrepreneur G\u00e9n\u00e9ral"},"content":{"rendered":"<section class=\"top_container contractor\" style=\"background: url('https:\/\/www.solutiondair.com\/wp-content\/uploads\/2025\/05\/top_bg_contractor.jpg') center center \/cover no-repeat\">\n<div class=\"container h-100\">\n<div class=\"row h-100\">\n<div class=\"col-xl-12 d-flex flex-column justify-content-end\">\n<div class=\"lc-block\">\n<div editable=\"rich\">\n<h1>Nous offrons des services de&nbsp;<br \/><strong><strong>Reconstruction et r\u00e9novation apr\u00e8s d\u00e9contamination<\/strong><\/strong><br \/>Sp\u00e9cialiste pour projets f\u00e9d\u00e9raux \u00e0 Gatineau et Ottawa&nbsp;<\/h1>\n<\/p><\/div>\n<\/p><\/div>\n<p><!-- \/lc-block --><\/p>\n<div class=\"lc-block\">\n<div lc-helper=\"shortcode\" class=\"live-shortcode\"><a href='https:\/\/www.solutiondair.com\/fr\/contact\/' class='btn contact bleu-bg white-border'>Demandez un prix<\/a><\/div>\n<\/p><\/div>\n<p><!-- \/lc-block -->\n\t\t\t<\/div>\n<p><!-- \/col -->\n\t\t<\/div>\n<\/p><\/div>\n<\/section>\n<section class=\"icons_container\">\n<div class=\"container\">\n<div class=\"row\">\n<div class=\"col-xl-12\">\n<div editable=\"rich\">\n<h2 style=\"color:white; margin-top:12px; letter-spacing:1px\"><strong>7143516 CANADA INC.<\/strong><\/h2>\n<\/p><\/div>\n<\/p><\/div>\n<p><!-- \/col -->\n\t\t<\/div>\n<\/p><\/div>\n<\/section>\n<section class=\"main_container\" id=\"moisissure\">\n<div class=\"container\">\n<div class=\"row\">\n<div class=\"col-md-8\">\n<div class=\"lc-block\">\n<div editable=\"rich\">\n<h2>\n\t\t\t\t\t\t\t<strong>Entrepreneur g\u00e9n\u00e9ral<\/strong>Profitez de nos services de reconstruction et r\u00e9novation apr\u00e8s d\u00e9contamination \u00e0 Gatineau et Ottawa<\/h2>\n<p><strong>Solution D\u2019air<\/strong> est un entrepreneur g\u00e9n\u00e9ral sp\u00e9cialis\u00e9 dans la <strong>reconstruction et la r\u00e9novation apr\u00e8s d\u00e9contamination<\/strong> \u00e0 Gatineau et Ottawa. Nous concentrons exclusivement notre expertise sur les <strong>\u00e9difices f\u00e9d\u00e9raux<\/strong> ayant subi des travaux de d\u00e9contamination, notamment pour l\u2019amiante ou la moisissure.<\/p>\n<p>Une fois les contaminants biologiques ou min\u00e9raux retir\u00e9s par des sp\u00e9cialistes en d\u00e9contamination, notre \u00e9quipe prend le relais pour <strong>restaurer l\u2019int\u00e9grit\u00e9 des lieux<\/strong> de fa\u00e7on s\u00e9curitaire, durable et conforme aux normes gouvernementales. Que ce soit pour la remise \u00e0 neuf de murs, plafonds, rev\u00eatements ou autres \u00e9l\u00e9ments structurels, nous assurons une ex\u00e9cution rigoureuse \u00e0 chaque \u00e9tape du projet.<\/p>\n<p>Notre client\u00e8le est compos\u00e9e d\u2019organismes et institutions f\u00e9d\u00e9rales qui exigent des standards \u00e9lev\u00e9s en mati\u00e8re de qualit\u00e9, d\u2019efficacit\u00e9 et de conformit\u00e9. Solution D\u2019air coordonne l\u2019ensemble des travaux de reconstruction avec une approche cl\u00e9 en main, en veillant au respect des d\u00e9lais, des budgets et des exigences techniques propres au domaine public.&nbsp;<\/p>\n<p>Faites confiance \u00e0 une \u00e9quipe sp\u00e9cialis\u00e9e dans <strong>la remise en \u00e9tat post-d\u00e9contamination des b\u00e2timents gouvernementaux<\/strong>. Avec Solution D\u2019air, vous b\u00e9n\u00e9ficiez d\u2019un service professionnel, centr\u00e9 sur la s\u00e9curit\u00e9, la conformit\u00e9 et la durabilit\u00e9.&nbsp;<\/p>\n<p><strong>Contactez-nous d\u00e8s aujourd\u2019hui<\/strong> pour vos besoins en reconstruction \u00e0 la suite d\u2019un projet de d\u00e9contamination \u00e0 Gatineau ou Ottawa.&nbsp;<\/p>\n<\/p><\/div>\n<\/p><\/div>\n<p><!-- \/lc-block --><\/p>\n<div class=\"lc-block\">\n<div lc-helper=\"shortcode\" class=\"live-shortcode\"><a href='https:\/\/www.solutiondair.com\/fr\/contact\/' class='btn contact bleu-bg bleu-border'>Cliquez ici pour nous contacter<\/a><\/div>\n<\/p><\/div>\n<p><!-- \/lc-block -->\n\t\t\t<\/div>\n<p><!-- \/col --><\/p>\n<div class=\"col-md-4\">\n<div class=\"lc-block\">\n\t\t\t\t\t<img decoding=\"async\" class=\"img-fluid maintext-img\" src=\"https:\/\/www.solutiondair.com\/wp-content\/uploads\/2025\/05\/image001.png\" alt=\"moisissure sur un mur\">\n\t\t\t\t<\/div>\n<p><!-- \/lc-block --><\/p>\n<div class=\"lc-block liste_services\">\n<div editable=\"rich\">\n<h3>Services offerts :<\/h3>\n<ul>\n<li>Construction des zones de confinement avec pression n\u00e9gative<\/li>\n<li>Enl\u00e8vement des mat\u00e9riaux contamin\u00e9 par la moisissure<\/li>\n<li>D\u00e9contamination fine avec aspirateur HEPA<\/li>\n<li>Nettoyage avec produit antifongique<\/li>\n<\/ul><\/div>\n<\/p><\/div>\n<p><!-- \/lc-block -->\n\t\t\t<\/div>\n<p><!-- \/col -->\n\t\t<\/div>\n<\/p><\/div>\n<\/section>\n","protected":false},"excerpt":{"rendered":"<p>Nous offrons des services de&nbsp;Reconstruction et r\u00e9novation apr\u00e8s d\u00e9contaminationSp\u00e9cialiste pour projets f\u00e9d\u00e9raux \u00e0 Gatineau et Ottawa&nbsp; 7143516 CANADA INC. Entrepreneur g\u00e9n\u00e9ralProfitez de nos services de reconstruction et r\u00e9novation apr\u00e8s d\u00e9contamination \u00e0 Gatineau et Ottawa Solution D\u2019air est un entrepreneur g\u00e9n\u00e9ral sp\u00e9cialis\u00e9 dans la reconstruction et la r\u00e9novation apr\u00e8s d\u00e9contamination \u00e0 Gatineau et Ottawa. Nous concentrons [&hellip;]<\/p>\n","protected":false},"author":1,"featured_media":0,"parent":0,"menu_order":0,"comment_status":"closed","ping_status":"closed","template":"page-templates\/empty.php","meta":{"footnotes":""},"class_list":["post-941","page","type-page","status-publish","hentry"],"yoast_head":"<!-- This site is optimized with the Yoast SEO plugin v26.1.1 - https:\/\/yoast.com\/wordpress\/plugins\/seo\/ -->\n<title>Entrepreneur G\u00e9n\u00e9ral - Solution D&#039;air<\/title>\n<meta name=\"robots\" content=\"index, follow, max-snippet:-1, max-image-preview:large, max-video-preview:-1\" \/>\n<link rel=\"canonical\" href=\"https:\/\/www.solutiondair.com\/fr\/entrepreneur-general\/\" \/>\n<meta property=\"og:locale\" content=\"fr_FR\" \/>\n<meta property=\"og:type\" content=\"article\" \/>\n<meta property=\"og:title\" content=\"Entrepreneur G\u00e9n\u00e9ral - Solution D&#039;air\" \/>\n<meta property=\"og:description\" content=\"Nous offrons des services de&nbsp;Reconstruction et r\u00e9novation apr\u00e8s d\u00e9contaminationSp\u00e9cialiste pour projets f\u00e9d\u00e9raux \u00e0 Gatineau et Ottawa&nbsp; 7143516 CANADA INC. Entrepreneur g\u00e9n\u00e9ralProfitez de nos services de reconstruction et r\u00e9novation apr\u00e8s d\u00e9contamination \u00e0 Gatineau et Ottawa Solution D\u2019air est un entrepreneur g\u00e9n\u00e9ral sp\u00e9cialis\u00e9 dans la reconstruction et la r\u00e9novation apr\u00e8s d\u00e9contamination \u00e0 Gatineau et Ottawa. Nous concentrons [&hellip;]\" \/>\n<meta property=\"og:url\" content=\"https:\/\/www.solutiondair.com\/fr\/entrepreneur-general\/\" \/>\n<meta property=\"og:site_name\" content=\"Solution D&#039;air\" \/>\n<meta property=\"article:modified_time\" content=\"2025-11-24T13:41:43+00:00\" \/>\n<meta property=\"og:image\" content=\"https:\/\/www.solutiondair.com\/wp-content\/uploads\/2025\/05\/image001.png\" \/>\n<meta name=\"twitter:card\" content=\"summary_large_image\" \/>\n<meta name=\"twitter:label1\" content=\"Dur\u00e9e de lecture estim\u00e9e\" \/>\n\t<meta name=\"twitter:data1\" content=\"2 minutes\" \/>\n<script type=\"application\/ld+json\" class=\"yoast-schema-graph\">{\"@context\":\"https:\/\/schema.org\",\"@graph\":[{\"@type\":\"WebPage\",\"@id\":\"https:\/\/www.solutiondair.com\/fr\/entrepreneur-general\/\",\"url\":\"https:\/\/www.solutiondair.com\/fr\/entrepreneur-general\/\",\"name\":\"Entrepreneur G\u00e9n\u00e9ral - Solution D&#039;air\",\"isPartOf\":{\"@id\":\"https:\/\/www.solutiondair.com\/fr\/#website\"},\"primaryImageOfPage\":{\"@id\":\"https:\/\/www.solutiondair.com\/fr\/entrepreneur-general\/#primaryimage\"},\"image\":{\"@id\":\"https:\/\/www.solutiondair.com\/fr\/entrepreneur-general\/#primaryimage\"},\"thumbnailUrl\":\"https:\/\/www.solutiondair.com\/wp-content\/uploads\/2025\/05\/image001.png\",\"datePublished\":\"2025-05-30T14:41:26+00:00\",\"dateModified\":\"2025-11-24T13:41:43+00:00\",\"breadcrumb\":{\"@id\":\"https:\/\/www.solutiondair.com\/fr\/entrepreneur-general\/#breadcrumb\"},\"inLanguage\":\"fr-FR\",\"potentialAction\":[{\"@type\":\"ReadAction\",\"target\":[\"https:\/\/www.solutiondair.com\/fr\/entrepreneur-general\/\"]}]},{\"@type\":\"ImageObject\",\"inLanguage\":\"fr-FR\",\"@id\":\"https:\/\/www.solutiondair.com\/fr\/entrepreneur-general\/#primaryimage\",\"url\":\"https:\/\/www.solutiondair.com\/wp-content\/uploads\/2025\/05\/image001.png\",\"contentUrl\":\"https:\/\/www.solutiondair.com\/wp-content\/uploads\/2025\/05\/image001.png\"},{\"@type\":\"BreadcrumbList\",\"@id\":\"https:\/\/www.solutiondair.com\/fr\/entrepreneur-general\/#breadcrumb\",\"itemListElement\":[{\"@type\":\"ListItem\",\"position\":1,\"name\":\"Home\",\"item\":\"https:\/\/www.solutiondair.com\/fr\/\"},{\"@type\":\"ListItem\",\"position\":2,\"name\":\"Entrepreneur G\u00e9n\u00e9ral\"}]},{\"@type\":\"WebSite\",\"@id\":\"https:\/\/www.solutiondair.com\/fr\/#website\",\"url\":\"https:\/\/www.solutiondair.com\/fr\/\",\"name\":\"Solution D&#039;air\",\"description\":\"\",\"publisher\":{\"@id\":\"https:\/\/www.solutiondair.com\/fr\/#organization\"},\"potentialAction\":[{\"@type\":\"SearchAction\",\"target\":{\"@type\":\"EntryPoint\",\"urlTemplate\":\"https:\/\/www.solutiondair.com\/fr\/?s={search_term_string}\"},\"query-input\":{\"@type\":\"PropertyValueSpecification\",\"valueRequired\":true,\"valueName\":\"search_term_string\"}}],\"inLanguage\":\"fr-FR\"},{\"@type\":\"Organization\",\"@id\":\"https:\/\/www.solutiondair.com\/fr\/#organization\",\"name\":\"Solution D&#039;air\",\"url\":\"https:\/\/www.solutiondair.com\/fr\/\",\"logo\":{\"@type\":\"ImageObject\",\"inLanguage\":\"fr-FR\",\"@id\":\"https:\/\/www.solutiondair.com\/fr\/#\/schema\/logo\/image\/\",\"url\":\"https:\/\/www.solutiondair.com\/wp-content\/uploads\/2019\/08\/logo.png\",\"contentUrl\":\"https:\/\/www.solutiondair.com\/wp-content\/uploads\/2019\/08\/logo.png\",\"width\":326,\"height\":130,\"caption\":\"Solution D&#039;air\"},\"image\":{\"@id\":\"https:\/\/www.solutiondair.com\/fr\/#\/schema\/logo\/image\/\"}}]}<\/script>\n<!-- \/ Yoast SEO plugin. -->","yoast_head_json":{"title":"Entrepreneur G\u00e9n\u00e9ral - Solution D&#039;air","robots":{"index":"index","follow":"follow","max-snippet":"max-snippet:-1","max-image-preview":"max-image-preview:large","max-video-preview":"max-video-preview:-1"},"canonical":"https:\/\/www.solutiondair.com\/fr\/entrepreneur-general\/","og_locale":"fr_FR","og_type":"article","og_title":"Entrepreneur G\u00e9n\u00e9ral - Solution D&#039;air","og_description":"Nous offrons des services de&nbsp;Reconstruction et r\u00e9novation apr\u00e8s d\u00e9contaminationSp\u00e9cialiste pour projets f\u00e9d\u00e9raux \u00e0 Gatineau et Ottawa&nbsp; 7143516 CANADA INC. Entrepreneur g\u00e9n\u00e9ralProfitez de nos services de reconstruction et r\u00e9novation apr\u00e8s d\u00e9contamination \u00e0 Gatineau et Ottawa Solution D\u2019air est un entrepreneur g\u00e9n\u00e9ral sp\u00e9cialis\u00e9 dans la reconstruction et la r\u00e9novation apr\u00e8s d\u00e9contamination \u00e0 Gatineau et Ottawa. Nous concentrons [&hellip;]","og_url":"https:\/\/www.solutiondair.com\/fr\/entrepreneur-general\/","og_site_name":"Solution D&#039;air","article_modified_time":"2025-11-24T13:41:43+00:00","og_image":[{"url":"https:\/\/www.solutiondair.com\/wp-content\/uploads\/2025\/05\/image001.png","type":"","width":"","height":""}],"twitter_card":"summary_large_image","twitter_misc":{"Dur\u00e9e de lecture estim\u00e9e":"2 minutes"},"schema":{"@context":"https:\/\/schema.org","@graph":[{"@type":"WebPage","@id":"https:\/\/www.solutiondair.com\/fr\/entrepreneur-general\/","url":"https:\/\/www.solutiondair.com\/fr\/entrepreneur-general\/","name":"Entrepreneur G\u00e9n\u00e9ral - Solution D&#039;air","isPartOf":{"@id":"https:\/\/www.solutiondair.com\/fr\/#website"},"primaryImageOfPage":{"@id":"https:\/\/www.solutiondair.com\/fr\/entrepreneur-general\/#primaryimage"},"image":{"@id":"https:\/\/www.solutiondair.com\/fr\/entrepreneur-general\/#primaryimage"},"thumbnailUrl":"https:\/\/www.solutiondair.com\/wp-content\/uploads\/2025\/05\/image001.png","datePublished":"2025-05-30T14:41:26+00:00","dateModified":"2025-11-24T13:41:43+00:00","breadcrumb":{"@id":"https:\/\/www.solutiondair.com\/fr\/entrepreneur-general\/#breadcrumb"},"inLanguage":"fr-FR","potentialAction":[{"@type":"ReadAction","target":["https:\/\/www.solutiondair.com\/fr\/entrepreneur-general\/"]}]},{"@type":"ImageObject","inLanguage":"fr-FR","@id":"https:\/\/www.solutiondair.com\/fr\/entrepreneur-general\/#primaryimage","url":"https:\/\/www.solutiondair.com\/wp-content\/uploads\/2025\/05\/image001.png","contentUrl":"https:\/\/www.solutiondair.com\/wp-content\/uploads\/2025\/05\/image001.png"},{"@type":"BreadcrumbList","@id":"https:\/\/www.solutiondair.com\/fr\/entrepreneur-general\/#breadcrumb","itemListElement":[{"@type":"ListItem","position":1,"name":"Home","item":"https:\/\/www.solutiondair.com\/fr\/"},{"@type":"ListItem","position":2,"name":"Entrepreneur G\u00e9n\u00e9ral"}]},{"@type":"WebSite","@id":"https:\/\/www.solutiondair.com\/fr\/#website","url":"https:\/\/www.solutiondair.com\/fr\/","name":"Solution D&#039;air","description":"","publisher":{"@id":"https:\/\/www.solutiondair.com\/fr\/#organization"},"potentialAction":[{"@type":"SearchAction","target":{"@type":"EntryPoint","urlTemplate":"https:\/\/www.solutiondair.com\/fr\/?s={search_term_string}"},"query-input":{"@type":"PropertyValueSpecification","valueRequired":true,"valueName":"search_term_string"}}],"inLanguage":"fr-FR"},{"@type":"Organization","@id":"https:\/\/www.solutiondair.com\/fr\/#organization","name":"Solution D&#039;air","url":"https:\/\/www.solutiondair.com\/fr\/","logo":{"@type":"ImageObject","inLanguage":"fr-FR","@id":"https:\/\/www.solutiondair.com\/fr\/#\/schema\/logo\/image\/","url":"https:\/\/www.solutiondair.com\/wp-content\/uploads\/2019\/08\/logo.png","contentUrl":"https:\/\/www.solutiondair.com\/wp-content\/uploads\/2019\/08\/logo.png","width":326,"height":130,"caption":"Solution D&#039;air"},"image":{"@id":"https:\/\/www.solutiondair.com\/fr\/#\/schema\/logo\/image\/"}}]}},"_links":{"self":[{"href":"https:\/\/www.solutiondair.com\/fr\/wp-json\/wp\/v2\/pages\/941","targetHints":{"allow":["GET"]}}],"collection":[{"href":"https:\/\/www.solutiondair.com\/fr\/wp-json\/wp\/v2\/pages"}],"about":[{"href":"https:\/\/www.solutiondair.com\/fr\/wp-json\/wp\/v2\/types\/page"}],"author":[{"embeddable":true,"href":"https:\/\/www.solutiondair.com\/fr\/wp-json\/wp\/v2\/users\/1"}],"replies":[{"embeddable":true,"href":"https:\/\/www.solutiondair.com\/fr\/wp-json\/wp\/v2\/comments?post=941"}],"version-history":[{"count":7,"href":"https:\/\/www.solutiondair.com\/fr\/wp-json\/wp\/v2\/pages\/941\/revisions"}],"predecessor-version":[{"id":1008,"href":"https:\/\/www.solutiondair.com\/fr\/wp-json\/wp\/v2\/pages\/941\/revisions\/1008"}],"wp:attachment":[{"href":"https:\/\/www.solutiondair.com\/fr\/wp-json\/wp\/v2\/media?parent=941"}],"curies":[{"name":"wp","href":"https:\/\/api.w.org\/{rel}","templated":true}]}}